{"id":528,"date":"2023-03-06T17:21:53","date_gmt":"2023-03-06T17:21:53","guid":{"rendered":"https:\/\/aplosmanueles.com\/mapa"},"modified":"2023-03-07T09:51:30","modified_gmt":"2023-03-07T09:51:30","slug":"maps","status":"publish","type":"page","link":"https:\/\/aplosmanueles.com\/de\/maps","title":{"rendered":"Maps"},"content":{"rendered":"\t\t<div data-elementor-type=\"wp-page\" data-elementor-id=\"528\" class=\"elementor elementor-528\" data-elementor-post-type=\"page\">\n\t\t\t\t<div class=\"elementor-element elementor-element-20af0f37 e-con-full e-flex e-con e-parent\" data-id=\"20af0f37\" data-element_type=\"container\" data-settings=\"{&quot;background_background&quot;:&quot;classic&quot;}\">\n\t\t\t\t<div class=\"elementor-element elementor-element-1aadeb8c elementor-widget elementor-widget-heading\" data-id=\"1aadeb8c\" data-element_type=\"widget\" data-widget_type=\"heading.default\">\n\t\t\t\t<div class=\"elementor-widget-container\">\n\t\t\t\t\t<h2 class=\"elementor-heading-title elementor-size-default\">Wegbeschreibung<\/h2>\t\t\t\t<\/div>\n\t\t\t\t<\/div>\n\t\t\t\t<\/div>\n\t\t<div class=\"elementor-element elementor-element-c8175ff e-flex e-con-boxed e-con e-parent\" data-id=\"c8175ff\" data-element_type=\"container\">\n\t\t\t\t\t<div class=\"e-con-inner\">\n\t\t<div class=\"elementor-element elementor-element-29889b0 e-con-full e-flex e-con e-parent\" data-id=\"29889b0\" data-element_type=\"container\">\n\t\t\t\t<div class=\"elementor-element elementor-element-b597878 elementor-widget elementor-widget-heading\" data-id=\"b597878\" data-element_type=\"widget\" data-widget_type=\"heading.default\">\n\t\t\t\t<div class=\"elementor-widget-container\">\n\t\t\t\t\t<h2 class=\"elementor-heading-title elementor-size-default\">Von der Muelle de Las Palmas\nZum Vergr\u00f6\u00dfern auf das Bild klicken<\/h2>\t\t\t\t<\/div>\n\t\t\t\t<\/div>\n\t\t\t\t<div class=\"elementor-element elementor-element-e540f5c elementor-widget elementor-widget-image\" data-id=\"e540f5c\" data-element_type=\"widget\" data-widget_type=\"image.default\">\n\t\t\t\t<div class=\"elementor-widget-container\">\n\t\t\t\t\t\t\t\t\t\t\t\t\t\t\t\t<a href=\"https:\/\/www.google.es\/maps\/dir\/CC+El+Muelle,+Muelle+Santa+Catalina,+Las+Palmas+de+Gran+Canaria\/Apartamentos+Los+Manueles,+Maspalomas\/@27.9535323,-15.6132764,11z\/data=!3m1!4b1!4m14!4m13!1m5!1m1!1s0xc4095404cb59715:0xcd0657d240496fb1!2m2!1d-15.427051!2d28.141201!1m5!1m1!1s0xc3f626365555555:0x2bfb79abd218c68e!2m2!1d-15.546824!2d27.768309!3e0\">\n\t\t\t\t\t\t\t<img fetchpriority=\"high\" decoding=\"async\" width=\"300\" height=\"295\" src=\"https:\/\/aplosmanueles.com\/wp-content\/uploads\/2023\/03\/muelle-300x295-1.jpg\" class=\"attachment-large size-large wp-image-199\" alt=\"\" \/>\t\t\t\t\t\t\t\t<\/a>\n\t\t\t\t\t\t\t\t\t\t\t\t\t\t\t<\/div>\n\t\t\t\t<\/div>\n\t\t\t\t<\/div>\n\t\t<div class=\"elementor-element elementor-element-75026e53 e-con-full e-flex e-con e-parent\" data-id=\"75026e53\" data-element_type=\"container\">\n\t\t\t\t<div class=\"elementor-element elementor-element-862fe1d elementor-widget elementor-widget-heading\" data-id=\"862fe1d\" data-element_type=\"widget\" data-widget_type=\"heading.default\">\n\t\t\t\t<div class=\"elementor-widget-container\">\n\t\t\t\t\t<h2 class=\"elementor-heading-title elementor-size-default\">Vom Flughafen aus<br>Zum Vergr\u00f6\u00dfern auf das Bild klicken<\/h2>\t\t\t\t<\/div>\n\t\t\t\t<\/div>\n\t\t\t\t<div class=\"elementor-element elementor-element-a653206 elementor-widget elementor-widget-image\" data-id=\"a653206\" data-element_type=\"widget\" data-widget_type=\"image.default\">\n\t\t\t\t<div class=\"elementor-widget-container\">\n\t\t\t\t\t\t\t\t\t\t\t\t\t\t\t\t<a href=\"https:\/\/www.google.es\/maps\/dir\/Aeropuerto+de+Gran+Canaria,+Las+Palmas\/Apartamentos+Los+Manueles,+Maspalomas\/@27.9573827,-15.5726279,11z\/data=!4m14!4m13!1m5!1m1!1s0xc40a266c3662d1d:0x824bcf7e159f85d4!2m2!1d-15.3877066!2d27.9331848!1m5!1m1!1s0xc3f626365555555:0x2bfb79abd218c68e!2m2!1d-15.546824!2d27.768309!3e0\">\n\t\t\t\t\t\t\t<img decoding=\"async\" width=\"300\" height=\"296\" src=\"https:\/\/aplosmanueles.com\/wp-content\/uploads\/2023\/03\/aeropuerto-300x296-1.jpg\" class=\"attachment-large size-large wp-image-197\" alt=\"\" \/>\t\t\t\t\t\t\t\t<\/a>\n\t\t\t\t\t\t\t\t\t\t\t\t\t\t\t<\/div>\n\t\t\t\t<\/div>\n\t\t\t\t<\/div>\n\t\t<div class=\"elementor-element elementor-element-9ba01fe e-con-full e-flex e-con e-parent\" data-id=\"9ba01fe\" data-element_type=\"container\">\n\t\t\t\t<div class=\"elementor-element elementor-element-0f4277c elementor-widget elementor-widget-heading\" data-id=\"0f4277c\" data-element_type=\"widget\" data-widget_type=\"heading.default\">\n\t\t\t\t<div class=\"elementor-widget-container\">\n\t\t\t\t\t<h2 class=\"elementor-heading-title elementor-size-default\">Puerto de las Nieves (Fred Olsen)<br>Zum Vergr\u00f6\u00dfern auf das Bild klicken<\/h2>\t\t\t\t<\/div>\n\t\t\t\t<\/div>\n\t\t\t\t<div class=\"elementor-element elementor-element-1833302 elementor-widget elementor-widget-image\" data-id=\"1833302\" data-element_type=\"widget\" data-widget_type=\"image.default\">\n\t\t\t\t<div class=\"elementor-widget-container\">\n\t\t\t\t\t\t\t\t\t\t\t\t\t\t\t\t<a href=\"https:\/\/www.google.es\/maps\/dir\/Puerto+de+las+Nieves,+Agaete\/Apartamentos+Los+Manueles,+Maspalomas\/@27.950567,-15.5800659,11z\/data=!4m14!4m13!1m5!1m1!1s0xc408b6b2f5d24ef:0x9fcc3f103569b2b3!2m2!1d-15.7127449!2d28.1012543!1m5!1m1!1s0xc3f626365555555:0x2bfb79abd218c68e!2m2!1d-15.546824!2d27.768309!3e0\">\n\t\t\t\t\t\t\t<img decoding=\"async\" width=\"284\" height=\"300\" src=\"https:\/\/aplosmanueles.com\/wp-content\/uploads\/2023\/03\/agaete-284x300-1.jpg\" class=\"attachment-large size-large wp-image-198\" alt=\"\" \/>\t\t\t\t\t\t\t\t<\/a>\n\t\t\t\t\t\t\t\t\t\t\t\t\t\t\t<\/div>\n\t\t\t\t<\/div>\n\t\t\t\t<\/div>\n\t\t\t\t\t<\/div>\n\t\t\t\t<\/div>\n\t\t\t\t<\/div>\n\t\t","protected":false},"excerpt":{"rendered":"<p>Wegbeschreibung Von der Muelle de Las Palmas Zum Vergr\u00f6\u00dfern auf das Bild klicken Vom Flughafen ausZum Vergr\u00f6\u00dfern auf das Bild klicken Puerto de las Nieves (Fred Olsen)Zum Vergr\u00f6\u00dfern auf das Bild klicken<\/p>\n","protected":false},"author":1,"featured_media":0,"parent":0,"menu_order":0,"comment_status":"closed","ping_status":"closed","template":"","meta":{"footnotes":""},"class_list":["post-528","page","type-page","status-publish","hentry"],"_links":{"self":[{"href":"https:\/\/aplosmanueles.com\/de\/wp-json\/wp\/v2\/pages\/528","targetHints":{"allow":["GET"]}}],"collection":[{"href":"https:\/\/aplosmanueles.com\/de\/wp-json\/wp\/v2\/pages"}],"about":[{"href":"https:\/\/aplosmanueles.com\/de\/wp-json\/wp\/v2\/types\/page"}],"author":[{"embeddable":true,"href":"https:\/\/aplosmanueles.com\/de\/wp-json\/wp\/v2\/users\/1"}],"replies":[{"embeddable":true,"href":"https:\/\/aplosmanueles.com\/de\/wp-json\/wp\/v2\/comments?post=528"}],"version-history":[{"count":7,"href":"https:\/\/aplosmanueles.com\/de\/wp-json\/wp\/v2\/pages\/528\/revisions"}],"predecessor-version":[{"id":557,"href":"https:\/\/aplosmanueles.com\/de\/wp-json\/wp\/v2\/pages\/528\/revisions\/557"}],"wp:attachment":[{"href":"https:\/\/aplosmanueles.com\/de\/wp-json\/wp\/v2\/media?parent=528"}],"curies":[{"name":"wp","href":"https:\/\/api.w.org\/{rel}","templated":true}]}}