{"id":525,"date":"2023-03-06T17:22:12","date_gmt":"2023-03-06T17:22:12","guid":{"rendered":"https:\/\/aplosmanueles.com\/contacto"},"modified":"2024-05-16T14:29:09","modified_gmt":"2024-05-16T14:29:09","slug":"kontaktdaten","status":"publish","type":"page","link":"https:\/\/aplosmanueles.com\/de\/kontaktdaten","title":{"rendered":"Kontaktdaten"},"content":{"rendered":"\t\t<div data-elementor-type=\"wp-page\" data-elementor-id=\"525\" class=\"elementor elementor-525\" data-elementor-post-type=\"page\">\n\t\t\t\t<div class=\"elementor-element elementor-element-29cde643 e-con-full e-flex e-con e-parent\" data-id=\"29cde643\" data-element_type=\"container\" data-settings=\"{&quot;background_background&quot;:&quot;classic&quot;}\">\n\t\t\t\t<div class=\"elementor-element elementor-element-2d67105a elementor-widget elementor-widget-heading\" data-id=\"2d67105a\" data-element_type=\"widget\" data-widget_type=\"heading.default\">\n\t\t\t\t<div class=\"elementor-widget-container\">\n\t\t\t\t\t<h2 class=\"elementor-heading-title elementor-size-default\">Kontaktdaten<\/h2>\t\t\t\t<\/div>\n\t\t\t\t<\/div>\n\t\t\t\t<\/div>\n\t\t<div class=\"elementor-element elementor-element-fc8a5de e-flex e-con-boxed e-con e-parent\" data-id=\"fc8a5de\" data-element_type=\"container\">\n\t\t\t\t\t<div class=\"e-con-inner\">\n\t\t<div class=\"elementor-element elementor-element-1eb93ef e-con-full e-flex e-con e-child\" data-id=\"1eb93ef\" data-element_type=\"container\">\n\t\t\t\t<div class=\"elementor-element elementor-element-156d984c elementor-widget elementor-widget-heading\" data-id=\"156d984c\" data-element_type=\"widget\" data-widget_type=\"heading.default\">\n\t\t\t\t<div class=\"elementor-widget-container\">\n\t\t\t\t\t<h2 class=\"elementor-heading-title elementor-size-default\">Kontaktdaten \u201eAppartements Los Manueles\u201c<\/h2>\t\t\t\t<\/div>\n\t\t\t\t<\/div>\n\t\t\t\t<div class=\"elementor-element elementor-element-dd34a3b elementor-widget elementor-widget-heading\" data-id=\"dd34a3b\" data-element_type=\"widget\" data-widget_type=\"heading.default\">\n\t\t\t\t<div class=\"elementor-widget-container\">\n\t\t\t\t\t<h2 class=\"elementor-heading-title elementor-size-default\">Hier erhalten Sie die Kontaktdaten der \u201eAppartements Los Manueles\u201c. Sie k\u00f6nnen uns per Telefon und E-Mail erreichen oder uns ein Kontaktformular zusenden. <\/h2>\t\t\t\t<\/div>\n\t\t\t\t<\/div>\n\t\t\t\t<div class=\"elementor-element elementor-element-f6ad3af elementor-widget elementor-widget-heading\" data-id=\"f6ad3af\" data-element_type=\"widget\" data-widget_type=\"heading.default\">\n\t\t\t\t<div class=\"elementor-widget-container\">\n\t\t\t\t\t<h2 class=\"elementor-heading-title elementor-size-default\">So erreichen Sie uns:<\/h2>\t\t\t\t<\/div>\n\t\t\t\t<\/div>\n\t\t\t\t<div class=\"elementor-element elementor-element-c114c45 elementor-widget elementor-widget-text-editor\" data-id=\"c114c45\" data-element_type=\"widget\" data-widget_type=\"text-editor.default\">\n\t\t\t\t<div class=\"elementor-widget-container\">\n\t\t\t\t\t\t\t\t\t<ul class=\"list-pointer\"><li>Telefon: +34 928 760 912<\/li><li>Mobiltelefon: +34 649 194 062<\/li><li>E-mail: losmanueles@grupomartel.com<\/li><li>Anschrift: Aulagas 13<br \/>San Agustin,(San Bartolom\u00e9 de Tirajana)<br \/>35100 Gran Canaria<br \/>Espa\u00f1a<\/li><\/ul>\t\t\t\t\t\t\t\t<\/div>\n\t\t\t\t<\/div>\n\t\t\t\t<\/div>\n\t\t<div class=\"elementor-element elementor-element-e9d967e e-con-full e-flex e-con e-child\" data-id=\"e9d967e\" data-element_type=\"container\">\n\t\t\t\t<div class=\"elementor-element elementor-element-a9f398f elementor-button-align-stretch elementor-widget elementor-widget-form\" data-id=\"a9f398f\" data-element_type=\"widget\" data-settings=\"{&quot;step_next_label&quot;:&quot;Next&quot;,&quot;step_previous_label&quot;:&quot;Previous&quot;,&quot;button_width&quot;:&quot;100&quot;,&quot;step_type&quot;:&quot;number_text&quot;,&quot;step_icon_shape&quot;:&quot;circle&quot;}\" data-widget_type=\"form.default\">\n\t\t\t\t<div class=\"elementor-widget-container\">\n\t\t\t\t\t\t\t<form class=\"elementor-form\" method=\"post\" name=\"New Form\" aria-label=\"New Form\">\n\t\t\t<input type=\"hidden\" name=\"post_id\" value=\"525\"\/>\n\t\t\t<input type=\"hidden\" name=\"form_id\" value=\"a9f398f\"\/>\n\t\t\t<input type=\"hidden\" name=\"referer_title\" value=\"Kontaktdaten\" \/>\n\n\t\t\t\t\t\t\t<input type=\"hidden\" name=\"queried_id\" value=\"525\"\/>\n\t\t\t\n\t\t\t<div class=\"elementor-form-fields-wrapper elementor-labels-\">\n\t\t\t\t\t\t\t\t<div class=\"elementor-field-type-text elementor-field-group elementor-column elementor-field-group-name elementor-col-100\">\n\t\t\t\t\t\t\t\t\t\t\t\t<label for=\"form-field-name\" class=\"elementor-field-label elementor-screen-only\">\n\t\t\t\t\t\t\t\tNombre\t\t\t\t\t\t\t<\/label>\n\t\t\t\t\t\t\t\t\t\t\t\t\t\t<input size=\"1\" type=\"text\" name=\"form_fields[name]\" id=\"form-field-name\" class=\"elementor-field elementor-size-sm  elementor-field-textual\" placeholder=\"Name\">\n\t\t\t\t\t\t\t\t\t\t\t<\/div>\n\t\t\t\t\t\t\t\t<div class=\"elementor-field-type-tel elementor-field-group elementor-column elementor-field-group-field_df72459 elementor-col-100 elementor-field-required\">\n\t\t\t\t\t\t\t\t\t\t\t\t<label for=\"form-field-field_df72459\" class=\"elementor-field-label elementor-screen-only\">\n\t\t\t\t\t\t\t\tTel\u00e9fono\t\t\t\t\t\t\t<\/label>\n\t\t\t\t\t\t\t\t<input size=\"1\" type=\"tel\" name=\"form_fields[field_df72459]\" id=\"form-field-field_df72459\" class=\"elementor-field elementor-size-sm  elementor-field-textual\" placeholder=\"Telefon\" required=\"required\" pattern=\"[0-9()#&amp;+*-=.]+\" title=\"Nur Nummern oder Telefon-Zeichen (#, -, *, etc) werden akzeptiert.\">\n\n\t\t\t\t\t\t<\/div>\n\t\t\t\t\t\t\t\t<div class=\"elementor-field-type-email elementor-field-group elementor-column elementor-field-group-email elementor-col-100 elementor-field-required\">\n\t\t\t\t\t\t\t\t\t\t\t\t<label for=\"form-field-email\" class=\"elementor-field-label elementor-screen-only\">\n\t\t\t\t\t\t\t\tEmail\t\t\t\t\t\t\t<\/label>\n\t\t\t\t\t\t\t\t\t\t\t\t\t\t<input size=\"1\" type=\"email\" name=\"form_fields[email]\" id=\"form-field-email\" class=\"elementor-field elementor-size-sm  elementor-field-textual\" placeholder=\"Email\" required=\"required\">\n\t\t\t\t\t\t\t\t\t\t\t<\/div>\n\t\t\t\t\t\t\t\t<div class=\"elementor-field-type-textarea elementor-field-group elementor-column elementor-field-group-message elementor-col-100\">\n\t\t\t\t\t\t\t\t\t\t\t\t<label for=\"form-field-message\" class=\"elementor-field-label elementor-screen-only\">\n\t\t\t\t\t\t\t\tMensaje\t\t\t\t\t\t\t<\/label>\n\t\t\t\t\t\t<textarea class=\"elementor-field-textual elementor-field  elementor-size-sm\" name=\"form_fields[message]\" id=\"form-field-message\" rows=\"4\" placeholder=\"Nachricht\"><\/textarea>\t\t\t\t<\/div>\n\t\t\t\t\t\t\t\t<div class=\"elementor-field-type-acceptance elementor-field-group elementor-column elementor-field-group-field_acacfed elementor-col-100\">\n\t\t\t\t\t\t\t<div class=\"elementor-field-subgroup\">\n\t\t\t<span class=\"elementor-field-option\">\n\t\t\t\t<input type=\"checkbox\" name=\"form_fields[field_acacfed]\" id=\"form-field-field_acacfed\" class=\"elementor-field elementor-size-sm  elementor-acceptance-field\">\n\t\t\t\t<label for=\"form-field-field_acacfed\">Ich akzeptiere <a href=\"https:\/\/aplosmanueles.com\/politica-de-privacidad\">die Datenschutzerkl\u00e4rung<\/label>\t\t\t<\/span>\n\t\t<\/div>\n\t\t\t\t\t\t<\/div>\n\t\t\t\t\t\t\t\t<div class=\"elementor-field-group elementor-column elementor-field-type-submit elementor-col-100 e-form__buttons\">\n\t\t\t\t\t<button class=\"elementor-button elementor-size-sm\" type=\"submit\">\n\t\t\t\t\t\t<span class=\"elementor-button-content-wrapper\">\n\t\t\t\t\t\t\t\t\t\t\t\t\t\t\t\t\t\t\t\t\t\t<span class=\"elementor-button-text\">Enviar<\/span>\n\t\t\t\t\t\t\t\t\t\t\t\t\t<\/span>\n\t\t\t\t\t<\/button>\n\t\t\t\t<\/div>\n\t\t\t<\/div>\n\t\t<\/form>\n\t\t\t\t\t\t<\/div>\n\t\t\t\t<\/div>\n\t\t\t\t<div class=\"elementor-element elementor-element-7d7da25b elementor-widget elementor-widget-text-editor\" data-id=\"7d7da25b\" data-element_type=\"widget\" data-widget_type=\"text-editor.default\">\n\t\t\t\t<div class=\"elementor-widget-container\">\n\t\t\t\t\t\t\t\t\t<p>JUMARPE, S.L., als Verantwortlicher f\u00fcr die Datenverarbeitung, verarbeitet Ihre Daten, um Ihre Informations- oder Beratungsanfrage zu bearbeiten, und st\u00fctzt sich dabei auf Ihre ausdr\u00fcckliche Zustimmung (durch Klicken auf die Schaltfl\u00e4che SENDEN). Um Ihre Rechte auszu\u00fcben oder weitere Informationen anzufordern, konsultieren Sie bitte unsere Datenschutzrichtlinie.<\/p>\t\t\t\t\t\t\t\t<\/div>\n\t\t\t\t<\/div>\n\t\t\t\t<\/div>\n\t\t\t\t\t<\/div>\n\t\t\t\t<\/div>\n\t\t<div class=\"elementor-element elementor-element-f064f87 e-con-full e-flex e-con e-parent\" data-id=\"f064f87\" data-element_type=\"container\">\n\t\t\t\t<div class=\"elementor-element elementor-element-4ac2bcb elementor-widget elementor-widget-google_maps\" data-id=\"4ac2bcb\" data-element_type=\"widget\" data-widget_type=\"google_maps.default\">\n\t\t\t\t<div class=\"elementor-widget-container\">\n\t\t\t\t\t\t\t<div class=\"elementor-custom-embed\">\n\t\t\t<iframe loading=\"lazy\"\n\t\t\t\t\tsrc=\"https:\/\/maps.google.com\/maps?q=apartamentos%20los%20manueles%2C%20san%20agustin&#038;t=m&#038;z=17&#038;output=embed&#038;iwloc=near\"\n\t\t\t\t\ttitle=\"apartamentos los manueles, san agustin\"\n\t\t\t\t\taria-label=\"apartamentos los manueles, san agustin\"\n\t\t\t><\/iframe>\n\t\t<\/div>\n\t\t\t\t\t\t<\/div>\n\t\t\t\t<\/div>\n\t\t\t\t<\/div>\n\t\t\t\t<\/div>\n\t\t","protected":false},"excerpt":{"rendered":"<p>Kontaktdaten Kontaktdaten \u201eAppartements Los Manueles\u201c Hier erhalten Sie die Kontaktdaten der \u201eAppartements Los Manueles\u201c. Sie k\u00f6nnen uns per Telefon und E-Mail erreichen oder uns ein Kontaktformular zusenden. So erreichen Sie uns: Telefon: +34 928 760 912 Mobiltelefon: +34 649 194 062 E-mail: losmanueles@grupomartel.com Anschrift: Aulagas 13San Agustin,(San Bartolom\u00e9 de Tirajana)35100 Gran CanariaEspa\u00f1a JUMARPE, S.L., als [&hellip;]<\/p>\n","protected":false},"author":1,"featured_media":0,"parent":0,"menu_order":0,"comment_status":"closed","ping_status":"closed","template":"","meta":{"footnotes":""},"class_list":["post-525","page","type-page","status-publish","hentry"],"_links":{"self":[{"href":"https:\/\/aplosmanueles.com\/de\/wp-json\/wp\/v2\/pages\/525","targetHints":{"allow":["GET"]}}],"collection":[{"href":"https:\/\/aplosmanueles.com\/de\/wp-json\/wp\/v2\/pages"}],"about":[{"href":"https:\/\/aplosmanueles.com\/de\/wp-json\/wp\/v2\/types\/page"}],"author":[{"embeddable":true,"href":"https:\/\/aplosmanueles.com\/de\/wp-json\/wp\/v2\/users\/1"}],"replies":[{"embeddable":true,"href":"https:\/\/aplosmanueles.com\/de\/wp-json\/wp\/v2\/comments?post=525"}],"version-history":[{"count":16,"href":"https:\/\/aplosmanueles.com\/de\/wp-json\/wp\/v2\/pages\/525\/revisions"}],"predecessor-version":[{"id":813,"href":"https:\/\/aplosmanueles.com\/de\/wp-json\/wp\/v2\/pages\/525\/revisions\/813"}],"wp:attachment":[{"href":"https:\/\/aplosmanueles.com\/de\/wp-json\/wp\/v2\/media?parent=525"}],"curies":[{"name":"wp","href":"https:\/\/api.w.org\/{rel}","templated":true}]}}